{"id":95225,"date":"2024-06-12T19:46:26","date_gmt":"2024-06-12T19:46:26","guid":{"rendered":"https:\/\/nova.biketodeliver.com\/cookies-policy\/"},"modified":"2024-07-05T19:26:46","modified_gmt":"2024-07-05T19:26:46","slug":"cookies-policy","status":"publish","type":"page","link":"https:\/\/biketodeliver.com\/en\/cookies-policy\/","title":{"rendered":"Cookies policy"},"content":{"rendered":"\t\t<div data-elementor-type=\"wp-page\" data-elementor-id=\"95225\" class=\"elementor elementor-95225 elementor-94698\" data-elementor-post-type=\"page\">\n\t\t\t\t<div class=\"elementor-element elementor-element-863c42f e-flex e-con-boxed e-con e-parent\" data-id=\"863c42f\" data-element_type=\"container\" data-e-type=\"container\">\n\t\t\t\t\t<div class=\"e-con-inner\">\n\t\t\t\t<div class=\"elementor-element elementor-element-c9e3732 elementor-widget elementor-widget-spacer\" data-id=\"c9e3732\" data-element_type=\"widget\" data-e-type=\"widget\" data-widget_type=\"spacer.default\">\n\t\t\t\t<div class=\"elementor-widget-container\">\n\t\t\t\t\t\t\t<div class=\"elementor-spacer\">\n\t\t\t<div class=\"elementor-spacer-inner\"><\/div>\n\t\t<\/div>\n\t\t\t\t\t\t<\/div>\n\t\t\t\t<\/div>\n\t\t\t\t<div class=\"elementor-element elementor-element-5ef0faf elementor-widget elementor-widget-text-editor\" data-id=\"5ef0faf\" data-element_type=\"widget\" data-e-type=\"widget\" data-widget_type=\"text-editor.default\">\n\t\t\t\t<div class=\"elementor-widget-container\">\n\t\t\t\t\t\t\t\t\t<p><strong>COOKIES:<\/strong><br>En relaci\u00f3n con el Real Decreto-Ley 13\/2012 de 30 de marzo, Bike To Deliver&nbsp;informa al USUARIO sobre las cookies. Dicho Real Decreto-Ley es una ampliaci\u00f3n del apartado segundo del art\u00edculo ventidos de la Ley de Servicios de la Sociedad de la Informaci\u00f3n (LSSI). \u00bfQu\u00e9 son las cookies? una cookie es un fichero que se descarga en su ordenador al acceder a determinadas p\u00e1ginas web. Las cookies permiten a una p\u00e1gina web, entre otras cosas, almacenar y recuperar informaci\u00f3n sobre los h\u00e1bitos de navegaci\u00f3n de un usuario o de su equipo y, dependiendo de la informaci\u00f3n que contengan y de la forma en que utilice su equipo, pueden utilizarse para reconocer al usuario.    <\/p>\n<p>\u00bfQu\u00e9 tipo de cookies se utilizan esta p\u00e1gina web?<\/p>\n<ul>\n<li>Cookies propias: son aqu\u00e9llas que se env\u00edan al equipo terminal del usuario desde un equipo o dominio gestionado por el propio editor y desde el que se presta el servicio solicitado por el usuario.<\/li>\n<li>Cookies de sesi\u00f3n: son un tipo de cookies dise\u00f1adas para recabar y almacenar datos mientras el usuario accede a una p\u00e1gina web. Este tipo de cookie es la que se utiliza en esta tienda online para identificar al USUARIO y para poder seguir el proceso de compra. <\/li>\n<li>Cookies de tercero: son aqu\u00e9llas que se env\u00edan al equipo terminal del usuario desde un equipo o dominio que no es gestionado por el editor, sino por otra entidad que trata los datos obtenidos trav\u00e9s de las cookies.<\/li>\n<li>Cookies de an\u00e1lisis: son aqu\u00e9llas que bien tratadas por nosotros o por terceros, nos permiten cuantificar el n\u00famero de usuarios y as\u00ed realizar la medici\u00f3n y an\u00e1lisis estad\u00edstico de la utilizaci\u00f3n que hacen los usuarios del servicio ofertado. Para ello se analiza su navegaci\u00f3n en nuestra web con el fin de mejorar la oferta de productos o servicios que le ofrecemos. <\/li>\n<li>Cookies publicitarias y de publicidad comportamental: son aqu\u00e9llas que permiten la gesti\u00f3n, de la forma m\u00e1s eficaz posible, de los espacios publicitarios que, en su caso, el editor haya incluido en una p\u00e1gina web, aplicaci\u00f3n o plataforma desde la que presta el servicio solicitado. Estas cookies almacenan informaci\u00f3n del comportamiento de los usuarios obtenida a trav\u00e9s de la observaci\u00f3n continuada de sus h\u00e1bitos habituales de navegaci\u00f3n, lo que permite desarrollar un perfil espec\u00edfico para mostrar publicidad en funci\u00f3n del mismo. <\/li>\n<\/ul>\n<p>Asimismo es posible que al visitar alguna pagina web o al abrir alg\u00fan email donde se publique alg\u00fan anuncio o alguna promoci\u00f3n sobre nuestros productos o servicios se instale en su navegador alguna cookie que nos sirva para mostrarle posteriormente publicidad relacionada con la b\u00fasqueda que haya realizado, desarrollar un control de nuestros anuncios en relaci\u00f3n, por ejemplo, con el numero de veces que son vistos, donde aparecen, a que hora se ven, etc. En realidad esto nosotros no lo hacemos pero estamos obligados por el Real Decreto-Ley 13\/2012 a informar de esta posibilidad. <\/p>\n<p>Revocaci\u00f3n y eliminaci\u00f3n de cookies<br>Usted puede permitir, bloquear o eliminar las cookies instaladas en su equipo mediante la configuraci\u00f3n de las opciones del navegador instalado en su ordenador. En caso de que no permita la instalaci\u00f3n de cookies en su navegador no podr\u00e1 acceder a algunas de las secciones de nuestra web, concretamente no podr\u00e1 registrarse, no podr\u00e1 identificarse si ya est\u00e1 registrado y no podr\u00e1 realizar ninguna compra. <br>Para m\u00e1s informaci\u00f3n sobre como bloquear el uso de las cookies a trav\u00e9s del navegador Firefox pulse aqu\u00ed: https:\/\/support.mozilla.org\/es\/kb\/habilitar-y-deshabilitar-cookies-que-los-sitios-we<br>Para bloquear el uso de cookies a trav\u00e9s del navegador Chrome visite: https:\/\/support.google.com\/chrome\/answer\/95647?hl=es-es<br>Para bloquear el uso de cookies a trav\u00e9s del navegador Internet Explorer visite: http:\/\/support2.microsoft.com\/kb\/260971<br>Para bloquear el uso de cookies a trav\u00e9s del navegador Safari visite: http:\/\/support.apple.com\/kb\/HT1677?viewlocale=es_ES&amp;locale=es_ES<br>Para bloquear el uso de cookies a trav\u00e9s del navegador Opera (en ingl\u00e9s) visite: http:\/\/www.opera.com\/help\/tutorials\/security\/privacy\/<\/p>\n<p>Terceros prestadores de servicios<br>En concreto los terceros prestadores de servicios con los que hemos contratado alg\u00fan servicio para lo que es necesaria la utilizaci\u00f3n de cookies son los siguientes:<br>Cookie \/ Prop\u00f3sito<br>Piwik Analytics \/ Recopila informaci\u00f3n an\u00f3nima sobre la navegaci\u00f3n por la web con el fin de conocer el origen de las visitas y otros datos estad\u00edsticos similares, como por ejemplo el navegador utilizado y la resoluci\u00f3n de pantalla que tiene. Esto nos permite corregir errores que en otros navegadores no se aprecian y adaptar la web a dicha resoluci\u00f3n evitando as\u00ed tener que usar la barra de desplazamiento horizontal. <br>ClustrMaps \/ Recopila informaci\u00f3n an\u00f3nima sobre la navegaci\u00f3n por la web con el fin de conocer el origen de las visitas. Dicha informaci\u00f3n se muestra en esta web, es el mapa del mundo con lucecitas rojas que se encuentra al final de la columna. <br>Google Adsense (*) \/ Gestiona la publicidad mostrada acorde a la informaci\u00f3n obtenida por los h\u00e1bitos de navegaci\u00f3n del usuario no solo por esta web.<br>AddThis \/ Servicio que gestiona diferentes redes sociales.<br>Google + \/ 1 Servicio de red social gestionado por Google.<br>Facebook Social Plugins \/ Servicio de red social gestionado por Facebook.<br>Facebook Connect \/ Servicio de red social gestionado por Facebook.<br>* Google Adsense \/ tiene diversas subcontratas que nosotros no hemos contratado directamente, la m\u00e1s habitual es DoubleClick. Otras pueden ser MediaMath, Evidon, MaxMind, etc. la lista es muy larga y no podemos enumerarlas todas aqu\u00ed. <\/p>\n<p><span style=\"text-align: var(--text-align); background-color: rgba(255, 255, 255, 0); color: var(--the7-base-color); letter-spacing: var(--the7-base-letter-spacing); text-transform: var(--the7-base-text-transform); word-spacing: normal;\">Bike To Deliver<\/span>&nbsp;no se hace responsable del contenido y la veracidad de las pol\u00edticas de privacidad de terceros incluidas en esta pol\u00edtica de cookies.<\/p>\n<p>Recomendaciones<br>Cambie la configuraci\u00f3n de su navegador para que las cookies se eliminen autom\u00e1ticamente al cerrar el navegador. Si esto no fuera posible, elim\u00ednelas manualmente cada cierto tiempo. <br>Instale en su navegador un plugin llamado Ghostery que le permitir\u00e1 saber en todo momento cuales son las cookies que utiliza la web que est\u00e9 visitando en esos instantes. Tambi\u00e9n puede habilitar o deshabilitar a voluntad cada cookie. <br>Si desea m\u00e1s informaci\u00f3n sobre el uso de las cookies de esta web puede solicit\u00e1rnosla a info@biketodeliver.com<\/p>\t\t\t\t\t\t\t\t<\/div>\n\t\t\t\t<\/div>\n\t\t\t\t\t<\/div>\n\t\t\t\t<\/div>\n\t\t\t\t<\/div>\n\t\t","protected":false},"excerpt":{"rendered":"<p>COOKIES:En relaci\u00f3n con el Real Decreto-Ley 13\/2012 de 30 de marzo, Bike To Deliver&nbsp;informa al USUARIO sobre las cookies. Dicho Real Decreto-Ley es una ampliaci\u00f3n del apartado segundo del art\u00edculo ventidos de la Ley de Servicios de la Sociedad de la Informaci\u00f3n (LSSI). \u00bfQu\u00e9 son las cookies? una cookie es un fichero que se descarga&hellip;<\/p>\n","protected":false},"author":5,"featured_media":0,"parent":0,"menu_order":0,"comment_status":"closed","ping_status":"closed","template":"","meta":{"_joinchat":[],"footnotes":""},"class_list":["post-95225","page","type-page","status-publish","hentry"],"_links":{"self":[{"href":"https:\/\/biketodeliver.com\/en\/wp-json\/wp\/v2\/pages\/95225","targetHints":{"allow":["GET"]}}],"collection":[{"href":"https:\/\/biketodeliver.com\/en\/wp-json\/wp\/v2\/pages"}],"about":[{"href":"https:\/\/biketodeliver.com\/en\/wp-json\/wp\/v2\/types\/page"}],"author":[{"embeddable":true,"href":"https:\/\/biketodeliver.com\/en\/wp-json\/wp\/v2\/users\/5"}],"replies":[{"embeddable":true,"href":"https:\/\/biketodeliver.com\/en\/wp-json\/wp\/v2\/comments?post=95225"}],"version-history":[{"count":1,"href":"https:\/\/biketodeliver.com\/en\/wp-json\/wp\/v2\/pages\/95225\/revisions"}],"predecessor-version":[{"id":95226,"href":"https:\/\/biketodeliver.com\/en\/wp-json\/wp\/v2\/pages\/95225\/revisions\/95226"}],"wp:attachment":[{"href":"https:\/\/biketodeliver.com\/en\/wp-json\/wp\/v2\/media?parent=95225"}],"curies":[{"name":"wp","href":"https:\/\/api.w.org\/{rel}","templated":true}]}}