{"id":95214,"date":"2024-03-12T18:27:23","date_gmt":"2024-03-12T18:27:23","guid":{"rendered":"https:\/\/nova.biketodeliver.com\/product\/uualk-sun-15\/"},"modified":"2024-03-12T18:27:23","modified_gmt":"2024-03-12T18:27:23","slug":"uualk-sun-15","status":"publish","type":"product","link":"https:\/\/biketodeliver.com\/en\/product\/uualk-sun-15\/","title":{"rendered":"Uualk sun 15"},"content":{"rendered":"<p>Te presentamos las e-bikes m\u00e1s c\u00f3modas, seguras y con una tecnolog\u00eda puntera que te permitir\u00e1 subir cualquier de forma f\u00e1cil y sin esfuerzo por un precio impresionante. Tenemos una bicicleta de paseo con hierro bajo para facilitar el subir y bajar motor de 250W y una bater\u00eda de 13 Ah. Permite una autonom\u00eda de m\u00e1s de 50 km, suspensi\u00f3n en la horquilla y en el sill\u00edn para el m\u00e1ximo confort, manillar y pu\u00f1os ergon\u00f3micos, display para ver toda la informaci\u00f3n del sistema.<\/p>\n","protected":false},"excerpt":{"rendered":"<p>Te presentamos las e-bikes m\u00e1s c\u00f3modas, seguras y con una tecnolog\u00eda puntera que te permitir\u00e1 subir cualquier de forma f\u00e1cil y sin esfuerzo por un precio impresionante. Tenemos una bicicleta de paseo con hierro bajo para facilitar el subir y bajar motor de 250W y una bater\u00eda de 13 Ah. Permite una autonom\u00eda de m\u00e1s&hellip;<\/p>\n","protected":false},"featured_media":95083,"template":"","meta":{"_joinchat":[]},"product_brand":[],"product_cat":[332,337,321],"product_tag":[],"class_list":{"0":"post-95214","1":"product","2":"type-product","3":"status-publish","4":"has-post-thumbnail","6":"product_cat-bikes-en","7":"product_cat-pre-owned","8":"product_cat-sale","9":"description-off","11":"first","12":"instock","13":"taxable","14":"shipping-taxable","15":"purchasable","16":"product-type-simple"},"_links":{"self":[{"href":"https:\/\/biketodeliver.com\/en\/wp-json\/wp\/v2\/product\/95214","targetHints":{"allow":["GET"]}}],"collection":[{"href":"https:\/\/biketodeliver.com\/en\/wp-json\/wp\/v2\/product"}],"about":[{"href":"https:\/\/biketodeliver.com\/en\/wp-json\/wp\/v2\/types\/product"}],"version-history":[{"count":0,"href":"https:\/\/biketodeliver.com\/en\/wp-json\/wp\/v2\/product\/95214\/revisions"}],"wp:featuredmedia":[{"embeddable":true,"href":"https:\/\/biketodeliver.com\/en\/wp-json\/wp\/v2\/media\/95083"}],"wp:attachment":[{"href":"https:\/\/biketodeliver.com\/en\/wp-json\/wp\/v2\/media?parent=95214"}],"wp:term":[{"taxonomy":"product_brand","embeddable":true,"href":"https:\/\/biketodeliver.com\/en\/wp-json\/wp\/v2\/product_brand?post=95214"},{"taxonomy":"product_cat","embeddable":true,"href":"https:\/\/biketodeliver.com\/en\/wp-json\/wp\/v2\/product_cat?post=95214"},{"taxonomy":"product_tag","embeddable":true,"href":"https:\/\/biketodeliver.com\/en\/wp-json\/wp\/v2\/product_tag?post=95214"}],"curies":[{"name":"wp","href":"https:\/\/api.w.org\/{rel}","templated":true}]}}