{"id":95216,"date":"2024-03-12T18:24:37","date_gmt":"2024-03-12T17:24:37","guid":{"rendered":"https:\/\/nova.biketodeliver.com\/product\/ninebot-es2\/"},"modified":"2024-03-12T18:24:37","modified_gmt":"2024-03-12T18:24:37","slug":"ninebot-es2","status":"publish","type":"product","link":"https:\/\/biketodeliver.com\/en\/product\/ninebot-es2\/","title":{"rendered":"Ninebot ES2"},"content":{"rendered":"<p>Es el patinete ideal para recorridos cortos ligero y maniobrable, est\u00e1 pensado para dar tu primeras rodadas por sus dise\u00f1o y ligereza permite una conducci\u00f3n muy intuitiva es como ir surfeando el asfalto. Motor de 300W, bater\u00eda de 187Wh. Suficiente para hacer mas de 15km, doble suspensi\u00f3n, freno delantero regenerativo y trasero de acci\u00f3n con el pie. Con este patinete la diversi\u00f3n est\u00e1 asegurada, ven a pru\u00e9balo en nuestra tienda en Mar\u00eda Aguilo N66, Poble nou.   <\/p>\n","protected":false},"excerpt":{"rendered":"<p>Es el patinete ideal para recorridos cortos ligero y maniobrable, est\u00e1 pensado para dar tu primeras rodadas por sus dise\u00f1o y ligereza permite una conducci\u00f3n muy intuitiva es como ir surfeando el asfalto. Motor de 300W, bater\u00eda de 187Wh. Suficiente para hacer mas de 15km, doble suspensi\u00f3n, freno delantero regenerativo y trasero de acci\u00f3n con&hellip;<\/p>\n","protected":false},"featured_media":95086,"template":"","meta":{"_joinchat":[]},"product_brand":[],"product_cat":[334,337,321],"product_tag":[],"class_list":{"0":"post-95216","1":"product","2":"type-product","3":"status-publish","4":"has-post-thumbnail","6":"product_cat-electric-scooters","7":"product_cat-pre-owned","8":"product_cat-sale","9":"description-off","11":"first","12":"instock","13":"sale","14":"taxable","15":"shipping-taxable","16":"purchasable","17":"product-type-simple"},"_links":{"self":[{"href":"https:\/\/biketodeliver.com\/en\/wp-json\/wp\/v2\/product\/95216","targetHints":{"allow":["GET"]}}],"collection":[{"href":"https:\/\/biketodeliver.com\/en\/wp-json\/wp\/v2\/product"}],"about":[{"href":"https:\/\/biketodeliver.com\/en\/wp-json\/wp\/v2\/types\/product"}],"version-history":[{"count":0,"href":"https:\/\/biketodeliver.com\/en\/wp-json\/wp\/v2\/product\/95216\/revisions"}],"wp:featuredmedia":[{"embeddable":true,"href":"https:\/\/biketodeliver.com\/en\/wp-json\/wp\/v2\/media\/95086"}],"wp:attachment":[{"href":"https:\/\/biketodeliver.com\/en\/wp-json\/wp\/v2\/media?parent=95216"}],"wp:term":[{"taxonomy":"product_brand","embeddable":true,"href":"https:\/\/biketodeliver.com\/en\/wp-json\/wp\/v2\/product_brand?post=95216"},{"taxonomy":"product_cat","embeddable":true,"href":"https:\/\/biketodeliver.com\/en\/wp-json\/wp\/v2\/product_cat?post=95216"},{"taxonomy":"product_tag","embeddable":true,"href":"https:\/\/biketodeliver.com\/en\/wp-json\/wp\/v2\/product_tag?post=95216"}],"curies":[{"name":"wp","href":"https:\/\/api.w.org\/{rel}","templated":true}]}}